{"id":19601,"date":"2022-04-29T08:22:18","date_gmt":"2022-04-29T08:22:18","guid":{"rendered":"http:\/\/davos.sviluppokeyweb.com\/davos\/azienda\/"},"modified":"2023-08-01T09:15:45","modified_gmt":"2023-08-01T09:15:45","slug":"azienda","status":"publish","type":"page","link":"https:\/\/www.davosweb.it\/fr\/davos\/azienda\/","title":{"rendered":"L\u2019ENTREPRISE"},"content":{"rendered":"<p>[et_pb_section fb_built=\u00a0\u00bb1&Prime; _builder_version=\u00a0\u00bb4.21.0&Prime; _module_preset=\u00a0\u00bbdefault\u00a0\u00bb background_color=\u00a0\u00bb#3d3d3d\u00a0\u00bb global_colors_info=\u00a0\u00bb{}\u00a0\u00bb][et_pb_row column_structure=\u00a0\u00bb1_2,1_2&Prime; use_custom_gutter=\u00a0\u00bbon\u00a0\u00bb gutter_width=\u00a0\u00bb1&Prime; _builder_version=\u00a0\u00bb4.21.0&Prime; _module_preset=\u00a0\u00bbdefault\u00a0\u00bb width=\u00a0\u00bb90%\u00a0\u00bb max_width=\u00a0\u00bb1400px\u00a0\u00bb custom_margin=\u00a0\u00bb0px||45px||false|false\u00a0\u00bb custom_margin_tablet=\u00a0\u00bb0px||45px||false|false\u00a0\u00bb custom_margin_phone=\u00a0\u00bb0px||60px||false|false\u00a0\u00bb custom_margin_last_edited=\u00a0\u00bbon|phone\u00a0\u00bb custom_padding=\u00a0\u00bb0px||0px||false|false\u00a0\u00bb animation_style=\u00a0\u00bbfade\u00a0\u00bb animation_delay=\u00a0\u00bb500ms\u00a0\u00bb animation_speed_curve=\u00a0\u00bbease\u00a0\u00bb global_colors_info=\u00a0\u00bb{}\u00a0\u00bb][et_pb_column type=\u00a0\u00bb1_2&Prime; _builder_version=\u00a0\u00bb4.21.0&Prime; _module_preset=\u00a0\u00bbdefault\u00a0\u00bb global_colors_info=\u00a0\u00bb{}\u00a0\u00bb][et_pb_image src=\u00a0\u00bbhttps:\/\/www.davosweb.it\/wp-content\/uploads\/2023\/07\/azienda-1.jpg\u00a0\u00bb title_text=\u00a0\u00bbazienda-1&Prime; _builder_version=\u00a0\u00bb4.21.0&Prime; _module_preset=\u00a0\u00bbdefault\u00a0\u00bb max_width=\u00a0\u00bb453px\u00a0\u00bb max_width_tablet=\u00a0\u00bb453px\u00a0\u00bb max_width_phone=\u00a0\u00bb60%\u00a0\u00bb max_width_last_edited=\u00a0\u00bbon|tablet\u00a0\u00bb custom_margin=\u00a0\u00bb0px||0px||false|false\u00a0\u00bb custom_padding=\u00a0\u00bb0px||0px||false|false\u00a0\u00bb global_colors_info=\u00a0\u00bb{}\u00a0\u00bb][\/et_pb_image][et_pb_image src=\u00a0\u00bbhttps:\/\/www.davosweb.it\/wp-content\/uploads\/2023\/06\/azienda-3.jpg\u00a0\u00bb title_text=\u00a0\u00bbazienda-3&Prime; _builder_version=\u00a0\u00bb4.21.0&Prime; _module_preset=\u00a0\u00bbdefault\u00a0\u00bb z_index=\u00a0\u00bb1&Prime; max_width=\u00a0\u00bb342px\u00a0\u00bb max_width_tablet=\u00a0\u00bb342px\u00a0\u00bb max_width_phone=\u00a0\u00bb60%\u00a0\u00bb max_width_last_edited=\u00a0\u00bbon|phone\u00a0\u00bb custom_margin=\u00a0\u00bb-106px||0px|196px|false|false\u00a0\u00bb custom_margin_tablet=\u00a0\u00bb-106px||0px|196px|false|false\u00a0\u00bb custom_margin_phone=\u00a0\u00bb-16%||0px|15%|false|false\u00a0\u00bb custom_margin_last_edited=\u00a0\u00bbon|phone\u00a0\u00bb custom_padding=\u00a0\u00bb0px||0px||false|false\u00a0\u00bb global_colors_info=\u00a0\u00bb{}\u00a0\u00bb][\/et_pb_image][et_pb_image src=\u00a0\u00bbhttps:\/\/www.davosweb.it\/wp-content\/uploads\/2023\/07\/azienda-2.jpg\u00a0\u00bb title_text=\u00a0\u00bbazienda-2&Prime; _builder_version=\u00a0\u00bb4.21.0&Prime; _module_preset=\u00a0\u00bbdefault\u00a0\u00bb positioning=\u00a0\u00bbabsolute\u00a0\u00bb position_origin_a=\u00a0\u00bbtop_right\u00a0\u00bb vertical_offset=\u00a0\u00bb127px\u00a0\u00bb horizontal_offset=\u00a0\u00bb20px\u00a0\u00bb vertical_offset_tablet=\u00a0\u00bb127px\u00a0\u00bb vertical_offset_phone=\u00a0\u00bb10%\u00a0\u00bb vertical_offset_last_edited=\u00a0\u00bbon|phone\u00a0\u00bb horizontal_offset_tablet=\u00a0\u00bb20px\u00a0\u00bb horizontal_offset_phone=\u00a0\u00bb0px\u00a0\u00bb horizontal_offset_last_edited=\u00a0\u00bbon|phone\u00a0\u00bb max_width=\u00a0\u00bb302px\u00a0\u00bb max_width_tablet=\u00a0\u00bb302px\u00a0\u00bb max_width_phone=\u00a0\u00bb50%\u00a0\u00bb max_width_last_edited=\u00a0\u00bbon|phone\u00a0\u00bb custom_margin=\u00a0\u00bb0px||0px||false|false\u00a0\u00bb custom_padding=\u00a0\u00bb0px||0px||false|false\u00a0\u00bb custom_css_main_element=\u00a0\u00bbanimation-name: down;||    animation-duration: 3s;||    animation-iteration-count: infinite;||    animation-timing-function: ease-in-out;||    margin-left: 0px;||    margin-top: 0px;||}||||@keyframes down {||    from { transform: translate(0,  0px); }||    50%  { transform: translate(0, -15px); }||    to   { transform: translate(0, -0px); }    ||\u00a0\u00bb global_colors_info=\u00a0\u00bb{}\u00a0\u00bb][\/et_pb_image][\/et_pb_column][et_pb_column type=\u00a0\u00bb1_2&Prime; _builder_version=\u00a0\u00bb4.21.0&Prime; _module_preset=\u00a0\u00bbdefault\u00a0\u00bb custom_padding=\u00a0\u00bb||||false|false\u00a0\u00bb global_colors_info=\u00a0\u00bb{}\u00a0\u00bb][et_pb_text _builder_version=\u00a0\u00bb4.21.0&Prime; _module_preset=\u00a0\u00bbdefault\u00a0\u00bb header_5_font=\u00a0\u00bbDancing Script||||||||\u00a0\u00bb header_5_text_align=\u00a0\u00bbcenter\u00a0\u00bb header_5_text_color=\u00a0\u00bb#988779&Prime; header_5_font_size=\u00a0\u00bb35px\u00a0\u00bb header_5_letter_spacing=\u00a0\u00bb2px\u00a0\u00bb max_width=\u00a0\u00bb500px\u00a0\u00bb module_alignment=\u00a0\u00bbcenter\u00a0\u00bb custom_margin=\u00a0\u00bb50px||5px||false|false\u00a0\u00bb custom_margin_tablet=\u00a0\u00bb100px||||false|false\u00a0\u00bb custom_margin_phone=\u00a0\u00bb60px||5px||false|false\u00a0\u00bb custom_margin_last_edited=\u00a0\u00bbon|phone\u00a0\u00bb custom_padding=\u00a0\u00bb0px||0px||false|false\u00a0\u00bb hover_enabled=\u00a0\u00bb0&Prime; global_colors_info=\u00a0\u00bb{}\u00a0\u00bb sticky_enabled=\u00a0\u00bb0&Prime;]<\/p>\n<h5>L&rsquo;entreprise<\/h5>\n<p>[\/et_pb_text][et_pb_text _builder_version=\u00a0\u00bb4.21.0&Prime; _module_preset=\u00a0\u00bbdefault\u00a0\u00bb header_2_font=\u00a0\u00bbPlayfair Display|||on|||||\u00a0\u00bb header_2_text_align=\u00a0\u00bbcenter\u00a0\u00bb header_2_text_color=\u00a0\u00bb#FFFFFF\u00a0\u00bb header_2_font_size=\u00a0\u00bb59px\u00a0\u00bb header_2_letter_spacing=\u00a0\u00bb2px\u00a0\u00bb max_width=\u00a0\u00bb500px\u00a0\u00bb module_alignment=\u00a0\u00bbcenter\u00a0\u00bb custom_margin=\u00a0\u00bb0px||20px||false|false\u00a0\u00bb custom_padding=\u00a0\u00bb0px||0px||false|false\u00a0\u00bb hover_enabled=\u00a0\u00bb0&Prime; header_2_font_size_tablet=\u00a0\u00bb59px\u00a0\u00bb header_2_font_size_phone=\u00a0\u00bb30px\u00a0\u00bb header_2_font_size_last_edited=\u00a0\u00bbon|phone\u00a0\u00bb global_colors_info=\u00a0\u00bb{}\u00a0\u00bb sticky_enabled=\u00a0\u00bb0&Prime;]<\/p>\n<h2>LANCER UNE MODE, C\u2019EST IMAGINER AVEC LES MAINS<\/h2>\n<p>[\/et_pb_text][et_pb_text _builder_version=\u00a0\u00bb4.21.0&Prime; _module_preset=\u00a0\u00bbdefault\u00a0\u00bb text_font=\u00a0\u00bbRoboto Flex||||||||\u00a0\u00bb text_text_color=\u00a0\u00bb#ababab\u00a0\u00bb text_font_size=\u00a0\u00bb15px\u00a0\u00bb text_line_height=\u00a0\u00bb1.6em\u00a0\u00bb text_orientation=\u00a0\u00bbcenter\u00a0\u00bb max_width=\u00a0\u00bb500px\u00a0\u00bb module_alignment=\u00a0\u00bbcenter\u00a0\u00bb custom_margin=\u00a0\u00bb0px||21px||false|false\u00a0\u00bb custom_padding=\u00a0\u00bb0px||0px||false|false\u00a0\u00bb hover_enabled=\u00a0\u00bb0&Prime; global_colors_info=\u00a0\u00bb{}\u00a0\u00bb sticky_enabled=\u00a0\u00bb0&Prime;]<\/p>\n<p>Davos est l&rsquo;atelier o\u00f9 les collections de <strong>lingerie, de v\u00eatements de plage et de pr\u00eat-\u00e0-porter <\/strong>prennent forme<strong>.<\/strong> Nous sommes en mesure de travailler aux c\u00f4t\u00e9s des marques pour chaque type de collection de mode, gr\u00e2ce au choix d&rsquo;une cha\u00eene d&rsquo;approvisionnement <strong>sectoris\u00e9e<\/strong>\u00a0: notre r\u00e9alit\u00e9 consiste en une <strong>division en macro-d\u00e9partements<\/strong> (Conception, Production et Contr\u00f4le) et la partie ex\u00e9cutive de la production de v\u00eatements est \u00e0 son tour divis\u00e9e en diff\u00e9rents ateliers dispers\u00e9s sur tout le territoire italien. Si vous souhaitez obtenir plus de d\u00e9tails sur Davos, <strong>n&rsquo;h\u00e9sitez pas \u00e0 nous contacter.<\/strong><\/p>\n<p>[\/et_pb_text][et_pb_image src=\u00a0\u00bbhttps:\/\/www.davosweb.it\/wp-content\/uploads\/2023\/06\/Asset-1.png\u00a0\u00bb title_text=\u00a0\u00bbAsset 1&Prime; align=\u00a0\u00bbcenter\u00a0\u00bb _builder_version=\u00a0\u00bb4.21.0&Prime; _module_preset=\u00a0\u00bbdefault\u00a0\u00bb height=\u00a0\u00bb70px\u00a0\u00bb height_tablet=\u00a0\u00bb70px\u00a0\u00bb height_phone=\u00a0\u00bb50px\u00a0\u00bb height_last_edited=\u00a0\u00bbon|tablet\u00a0\u00bb custom_margin=\u00a0\u00bb0px||3px||false|false\u00a0\u00bb custom_padding=\u00a0\u00bb0px||0px||false|false\u00a0\u00bb global_colors_info=\u00a0\u00bb{}\u00a0\u00bb][\/et_pb_image][\/et_pb_column][\/et_pb_row][\/et_pb_section][et_pb_section fb_built=\u00a0\u00bb1&Prime; _builder_version=\u00a0\u00bb4.21.0&Prime; _module_preset=\u00a0\u00bbdefault\u00a0\u00bb background_color=\u00a0\u00bb#0a0a0a\u00a0\u00bb global_module=\u00a0\u00bb112&Prime; saved_tabs=\u00a0\u00bball\u00a0\u00bb global_colors_info=\u00a0\u00bb{}\u00a0\u00bb][et_pb_row custom_padding_last_edited=\u00a0\u00bbon|tablet\u00a0\u00bb admin_label=\u00a0\u00bbc\u00a0\u00bb _builder_version=\u00a0\u00bb4.21.0&Prime; _module_preset=\u00a0\u00bbdefault\u00a0\u00bb background_image=\u00a0\u00bbhttps:\/\/www.davosweb.it\/wp-content\/uploads\/2023\/06\/MODELLA-PIZZO.jpg\u00a0\u00bb parallax=\u00a0\u00bbon\u00a0\u00bb z_index=\u00a0\u00bb108&Prime; width=\u00a0\u00bb92%\u00a0\u00bb max_width=\u00a0\u00bb92%\u00a0\u00bb custom_margin=\u00a0\u00bb0px||0px||false|false\u00a0\u00bb custom_margin_tablet=\u00a0\u00bb0px||0px||false|false\u00a0\u00bb custom_margin_phone=\u00a0\u00bb0px||0px||false|false\u00a0\u00bb custom_margin_last_edited=\u00a0\u00bbon|tablet\u00a0\u00bb custom_padding=\u00a0\u00bb270px||280px||false|false\u00a0\u00bb custom_padding_tablet=\u00a0\u00bb180px||190px||false|false\u00a0\u00bb custom_padding_phone=\u00a0\u00bb90px||90px||false|false\u00a0\u00bb animation_style=\u00a0\u00bbfade\u00a0\u00bb animation_delay=\u00a0\u00bb500ms\u00a0\u00bb animation_speed_curve=\u00a0\u00bbease\u00a0\u00bb global_colors_info=\u00a0\u00bb{}\u00a0\u00bb][et_pb_column type=\u00a0\u00bb4_4&Prime; _builder_version=\u00a0\u00bb4.21.0&Prime; _module_preset=\u00a0\u00bbdefault\u00a0\u00bb global_colors_info=\u00a0\u00bb{}\u00a0\u00bb][et_pb_button button_url=\u00a0\u00bb@ET-DC@eyJkeW5hbWljIjp0cnVlLCJjb250ZW50IjoicG9zdF9saW5rX3VybF9wYWdlIiwic2V0dGluZ3MiOnsicG9zdF9pZCI6IjEyMCJ9fQ==@\u00a0\u00bb button_text=\u00a0\u00bbCONTACTEZ-NOUS\u00a0\u00bb button_alignment=\u00a0\u00bbcenter\u00a0\u00bb _builder_version=\u00a0\u00bb4.21.0&Prime; _dynamic_attributes=\u00a0\u00bbbutton_url\u00a0\u00bb _module_preset=\u00a0\u00bbdefault\u00a0\u00bb custom_button=\u00a0\u00bbon\u00a0\u00bb button_text_size=\u00a0\u00bb13px\u00a0\u00bb button_text_color=\u00a0\u00bb#FFFFFF\u00a0\u00bb button_bg_color=\u00a0\u00bbRGBA(255,255,255,0)\u00a0\u00bb button_border_width=\u00a0\u00bb1px\u00a0\u00bb button_border_color=\u00a0\u00bbrgba(255,255,255,0.4)\u00a0\u00bb button_border_radius=\u00a0\u00bb0px\u00a0\u00bb button_letter_spacing=\u00a0\u00bb2px\u00a0\u00bb button_font=\u00a0\u00bbRoboto Flex||||||||\u00a0\u00bb button_icon=\u00a0\u00bb&#x26;||divi||400&Prime; button_on_hover=\u00a0\u00bboff\u00a0\u00bb custom_margin=\u00a0\u00bb0px||0px||false|false\u00a0\u00bb custom_margin_tablet=\u00a0\u00bb0px||0px||false|false\u00a0\u00bb custom_margin_phone=\u00a0\u00bb||0px||false|false\u00a0\u00bb custom_margin_last_edited=\u00a0\u00bboff|desktop\u00a0\u00bb custom_padding=\u00a0\u00bb15px|55px|14px|38px|false|false\u00a0\u00bb global_colors_info=\u00a0\u00bb{}\u00a0\u00bb button_border_color__hover_enabled=\u00a0\u00bbon|desktop\u00a0\u00bb button_border_color__hover=\u00a0\u00bbrgba(255,255,255,0.7)\u00a0\u00bb][\/et_pb_button][\/et_pb_column][\/et_pb_row][\/et_pb_section]<\/p>\n","protected":false},"excerpt":{"rendered":"<p>L&rsquo;entrepriseLANCER UNE MODE, C\u2019EST IMAGINER AVEC LES MAINSDavos est l&rsquo;atelier o\u00f9 les collections de lingerie, de v\u00eatements de plage et de pr\u00eat-\u00e0-porter prennent forme. Nous sommes en mesure de travailler aux c\u00f4t\u00e9s des marques pour chaque type de collection de mode, gr\u00e2ce au choix d&rsquo;une cha\u00eene d&rsquo;approvisionnement sectoris\u00e9e\u00a0: notre r\u00e9alit\u00e9 consiste en une division en macro-d\u00e9partements (Conception, Production et Contr\u00f4le) et la partie ex\u00e9cutive de la production de v\u00eatements est \u00e0 son tour divis\u00e9e en diff\u00e9rents ateliers dispers\u00e9s sur tout le territoire italien. Si vous souhaitez obtenir plus de d\u00e9tails sur Davos, n&rsquo;h\u00e9sitez pas \u00e0 nous contacter.<\/p>\n","protected":false},"author":1,"featured_media":0,"parent":19555,"menu_order":0,"comment_status":"closed","ping_status":"closed","template":"","meta":{"_et_pb_use_builder":"on","_et_pb_old_content":"<!-- wp:divi\/placeholder \/-->","_et_gb_content_width":"","footnotes":""},"class_list":["post-19601","page","type-page","status-publish","hentry"],"yoast_head":"<!-- This site is optimized with the Yoast SEO plugin v25.0 - https:\/\/yoast.com\/wordpress\/plugins\/seo\/ -->\n<title>L\u2019ENTREPRISE - Davos<\/title>\n<meta name=\"robots\" content=\"index, follow, max-snippet:-1, max-image-preview:large, max-video-preview:-1\" \/>\n<link rel=\"canonical\" href=\"https:\/\/www.davosweb.it\/davos\/azienda\/\" \/>\n<meta property=\"og:locale\" content=\"fr_FR\" \/>\n<meta property=\"og:type\" content=\"article\" \/>\n<meta property=\"og:title\" content=\"L\u2019ENTREPRISE - Davos\" \/>\n<meta property=\"og:description\" content=\"L&#039;entrepriseLANCER UNE MODE, C\u2019EST IMAGINER AVEC LES MAINSDavos est l&#039;atelier o\u00f9 les collections de lingerie, de v\u00eatements de plage et de pr\u00eat-\u00e0-porter prennent forme. Nous sommes en mesure de travailler aux c\u00f4t\u00e9s des marques pour chaque type de collection de mode, gr\u00e2ce au choix d&#039;une cha\u00eene d&#039;approvisionnement sectoris\u00e9e\u00a0: notre r\u00e9alit\u00e9 consiste en une division en macro-d\u00e9partements (Conception, Production et Contr\u00f4le) et la partie ex\u00e9cutive de la production de v\u00eatements est \u00e0 son tour divis\u00e9e en diff\u00e9rents ateliers dispers\u00e9s sur tout le territoire italien. Si vous souhaitez obtenir plus de d\u00e9tails sur Davos, n&#039;h\u00e9sitez pas \u00e0 nous contacter.\" \/>\n<meta property=\"og:url\" content=\"https:\/\/www.davosweb.it\/davos\/azienda\/\" \/>\n<meta property=\"og:site_name\" content=\"Davos\" \/>\n<meta property=\"article:modified_time\" content=\"2023-08-01T09:15:45+00:00\" \/>\n<meta name=\"twitter:card\" content=\"summary_large_image\" \/>\n<meta name=\"twitter:label1\" content=\"Dur\u00e9e de lecture estim\u00e9e\" \/>\n\t<meta name=\"twitter:data1\" content=\"5 minutes\" \/>\n<script type=\"application\/ld+json\" class=\"yoast-schema-graph\">{\"@context\":\"https:\/\/schema.org\",\"@graph\":[{\"@type\":\"WebPage\",\"@id\":\"https:\/\/www.davosweb.it\/davos\/azienda\/\",\"url\":\"https:\/\/www.davosweb.it\/davos\/azienda\/\",\"name\":\"L\u2019ENTREPRISE - Davos\",\"isPartOf\":{\"@id\":\"https:\/\/www.davosweb.it\/#website\"},\"datePublished\":\"2022-04-29T08:22:18+00:00\",\"dateModified\":\"2023-08-01T09:15:45+00:00\",\"breadcrumb\":{\"@id\":\"https:\/\/www.davosweb.it\/davos\/azienda\/#breadcrumb\"},\"inLanguage\":\"fr-FR\",\"potentialAction\":[{\"@type\":\"ReadAction\",\"target\":[\"https:\/\/www.davosweb.it\/davos\/azienda\/\"]}]},{\"@type\":\"BreadcrumbList\",\"@id\":\"https:\/\/www.davosweb.it\/davos\/azienda\/#breadcrumb\",\"itemListElement\":[{\"@type\":\"ListItem\",\"position\":1,\"name\":\"Home\",\"item\":\"https:\/\/www.davosweb.it\/\"},{\"@type\":\"ListItem\",\"position\":2,\"name\":\"DAVOS\",\"item\":\"https:\/\/www.davosweb.it\/davos\/\"},{\"@type\":\"ListItem\",\"position\":3,\"name\":\"L\u2019ENTREPRISE\"}]},{\"@type\":\"WebSite\",\"@id\":\"https:\/\/www.davosweb.it\/#website\",\"url\":\"https:\/\/www.davosweb.it\/\",\"name\":\"Davos\",\"description\":\"\",\"potentialAction\":[{\"@type\":\"SearchAction\",\"target\":{\"@type\":\"EntryPoint\",\"urlTemplate\":\"https:\/\/www.davosweb.it\/?s={search_term_string}\"},\"query-input\":{\"@type\":\"PropertyValueSpecification\",\"valueRequired\":true,\"valueName\":\"search_term_string\"}}],\"inLanguage\":\"fr-FR\"}]}<\/script>\n<!-- \/ Yoast SEO plugin. -->","yoast_head_json":{"title":"L\u2019ENTREPRISE - Davos","robots":{"index":"index","follow":"follow","max-snippet":"max-snippet:-1","max-image-preview":"max-image-preview:large","max-video-preview":"max-video-preview:-1"},"canonical":"https:\/\/www.davosweb.it\/davos\/azienda\/","og_locale":"fr_FR","og_type":"article","og_title":"L\u2019ENTREPRISE - Davos","og_description":"L'entrepriseLANCER UNE MODE, C\u2019EST IMAGINER AVEC LES MAINSDavos est l'atelier o\u00f9 les collections de lingerie, de v\u00eatements de plage et de pr\u00eat-\u00e0-porter prennent forme. Nous sommes en mesure de travailler aux c\u00f4t\u00e9s des marques pour chaque type de collection de mode, gr\u00e2ce au choix d'une cha\u00eene d'approvisionnement sectoris\u00e9e\u00a0: notre r\u00e9alit\u00e9 consiste en une division en macro-d\u00e9partements (Conception, Production et Contr\u00f4le) et la partie ex\u00e9cutive de la production de v\u00eatements est \u00e0 son tour divis\u00e9e en diff\u00e9rents ateliers dispers\u00e9s sur tout le territoire italien. Si vous souhaitez obtenir plus de d\u00e9tails sur Davos, n'h\u00e9sitez pas \u00e0 nous contacter.","og_url":"https:\/\/www.davosweb.it\/davos\/azienda\/","og_site_name":"Davos","article_modified_time":"2023-08-01T09:15:45+00:00","twitter_card":"summary_large_image","twitter_misc":{"Dur\u00e9e de lecture estim\u00e9e":"5 minutes"},"schema":{"@context":"https:\/\/schema.org","@graph":[{"@type":"WebPage","@id":"https:\/\/www.davosweb.it\/davos\/azienda\/","url":"https:\/\/www.davosweb.it\/davos\/azienda\/","name":"L\u2019ENTREPRISE - Davos","isPartOf":{"@id":"https:\/\/www.davosweb.it\/#website"},"datePublished":"2022-04-29T08:22:18+00:00","dateModified":"2023-08-01T09:15:45+00:00","breadcrumb":{"@id":"https:\/\/www.davosweb.it\/davos\/azienda\/#breadcrumb"},"inLanguage":"fr-FR","potentialAction":[{"@type":"ReadAction","target":["https:\/\/www.davosweb.it\/davos\/azienda\/"]}]},{"@type":"BreadcrumbList","@id":"https:\/\/www.davosweb.it\/davos\/azienda\/#breadcrumb","itemListElement":[{"@type":"ListItem","position":1,"name":"Home","item":"https:\/\/www.davosweb.it\/"},{"@type":"ListItem","position":2,"name":"DAVOS","item":"https:\/\/www.davosweb.it\/davos\/"},{"@type":"ListItem","position":3,"name":"L\u2019ENTREPRISE"}]},{"@type":"WebSite","@id":"https:\/\/www.davosweb.it\/#website","url":"https:\/\/www.davosweb.it\/","name":"Davos","description":"","potentialAction":[{"@type":"SearchAction","target":{"@type":"EntryPoint","urlTemplate":"https:\/\/www.davosweb.it\/?s={search_term_string}"},"query-input":{"@type":"PropertyValueSpecification","valueRequired":true,"valueName":"search_term_string"}}],"inLanguage":"fr-FR"}]}},"_links":{"self":[{"href":"https:\/\/www.davosweb.it\/fr\/wp-json\/wp\/v2\/pages\/19601","targetHints":{"allow":["GET"]}}],"collection":[{"href":"https:\/\/www.davosweb.it\/fr\/wp-json\/wp\/v2\/pages"}],"about":[{"href":"https:\/\/www.davosweb.it\/fr\/wp-json\/wp\/v2\/types\/page"}],"author":[{"embeddable":true,"href":"https:\/\/www.davosweb.it\/fr\/wp-json\/wp\/v2\/users\/1"}],"replies":[{"embeddable":true,"href":"https:\/\/www.davosweb.it\/fr\/wp-json\/wp\/v2\/comments?post=19601"}],"version-history":[{"count":3,"href":"https:\/\/www.davosweb.it\/fr\/wp-json\/wp\/v2\/pages\/19601\/revisions"}],"predecessor-version":[{"id":19688,"href":"https:\/\/www.davosweb.it\/fr\/wp-json\/wp\/v2\/pages\/19601\/revisions\/19688"}],"up":[{"embeddable":true,"href":"https:\/\/www.davosweb.it\/fr\/wp-json\/wp\/v2\/pages\/19555"}],"wp:attachment":[{"href":"https:\/\/www.davosweb.it\/fr\/wp-json\/wp\/v2\/media?parent=19601"}],"curies":[{"name":"wp","href":"https:\/\/api.w.org\/{rel}","templated":true}]}}