{"id":19569,"date":"2023-06-22T06:11:48","date_gmt":"2023-06-22T06:11:48","guid":{"rendered":"http:\/\/davos.sviluppokeyweb.com\/lingerie\/"},"modified":"2023-08-31T09:14:20","modified_gmt":"2023-08-31T09:14:20","slug":"lingerie","status":"publish","type":"page","link":"https:\/\/www.davosweb.it\/fr\/prodotti\/lingerie\/","title":{"rendered":"LINGERIE"},"content":{"rendered":"<p>[et_pb_section fb_built=\u00a0\u00bb1&Prime; custom_padding_last_edited=\u00a0\u00bbon|phone\u00a0\u00bb _builder_version=\u00a0\u00bb4.21.0&Prime; _module_preset=\u00a0\u00bbdefault\u00a0\u00bb background_color=\u00a0\u00bb#171718&Prime; custom_padding_tablet=\u00a0\u00bb0px||10px||false|false\u00a0\u00bb custom_padding_phone=\u00a0\u00bb0px||10px||false|false\u00a0\u00bb global_colors_info=\u00a0\u00bb{}\u00a0\u00bb][et_pb_row use_custom_gutter=\u00a0\u00bbon\u00a0\u00bb gutter_width=\u00a0\u00bb1&Prime; _builder_version=\u00a0\u00bb4.21.0&Prime; _module_preset=\u00a0\u00bbdefault\u00a0\u00bb width=\u00a0\u00bb90%\u00a0\u00bb max_width=\u00a0\u00bb1400px\u00a0\u00bb custom_margin=\u00a0\u00bb0px||45px||false|false\u00a0\u00bb custom_margin_tablet=\u00a0\u00bb0px||45px||false|false\u00a0\u00bb custom_margin_phone=\u00a0\u00bb0px||60px||false|false\u00a0\u00bb custom_margin_last_edited=\u00a0\u00bbon|phone\u00a0\u00bb custom_padding=\u00a0\u00bb0px||0px||false|false\u00a0\u00bb animation_style=\u00a0\u00bbfade\u00a0\u00bb animation_delay=\u00a0\u00bb500ms\u00a0\u00bb animation_speed_curve=\u00a0\u00bbease\u00a0\u00bb global_colors_info=\u00a0\u00bb{}\u00a0\u00bb][et_pb_column type=\u00a0\u00bb4_4&Prime; _builder_version=\u00a0\u00bb4.21.0&Prime; _module_preset=\u00a0\u00bbdefault\u00a0\u00bb global_colors_info=\u00a0\u00bb{}\u00a0\u00bb][et_pb_text _builder_version=\u00a0\u00bb4.21.0&Prime; _module_preset=\u00a0\u00bbdefault\u00a0\u00bb header_5_font=\u00a0\u00bbDancing Script||||||||\u00a0\u00bb header_5_text_align=\u00a0\u00bbleft\u00a0\u00bb header_5_text_color=\u00a0\u00bb#988779&Prime; header_5_font_size=\u00a0\u00bb35px\u00a0\u00bb header_5_letter_spacing=\u00a0\u00bb2px\u00a0\u00bb max_width=\u00a0\u00bb500px\u00a0\u00bb max_width_tablet=\u00a0\u00bb500px\u00a0\u00bb max_width_phone=\u00a0\u00bb500px\u00a0\u00bb max_width_last_edited=\u00a0\u00bbon|phone\u00a0\u00bb module_alignment=\u00a0\u00bbleft\u00a0\u00bb custom_margin=\u00a0\u00bb50px||5px||false|false\u00a0\u00bb custom_margin_tablet=\u00a0\u00bb100px||||false|false\u00a0\u00bb custom_margin_phone=\u00a0\u00bb60px||5px||false|false\u00a0\u00bb custom_margin_last_edited=\u00a0\u00bbon|phone\u00a0\u00bb custom_padding=\u00a0\u00bb0px||0px||false|false\u00a0\u00bb animation_style=\u00a0\u00bbfade\u00a0\u00bb header_5_text_align_tablet=\u00a0\u00bbleft\u00a0\u00bb header_5_text_align_phone=\u00a0\u00bbleft\u00a0\u00bb header_5_text_align_last_edited=\u00a0\u00bbon|tablet\u00a0\u00bb text_orientation_tablet=\u00a0\u00bb\u00a0\u00bb text_orientation_phone=\u00a0\u00bbcenter\u00a0\u00bb text_orientation_last_edited=\u00a0\u00bbon|phone\u00a0\u00bb module_alignment_tablet=\u00a0\u00bbleft\u00a0\u00bb module_alignment_phone=\u00a0\u00bbcenter\u00a0\u00bb module_alignment_last_edited=\u00a0\u00bbon|phone\u00a0\u00bb global_colors_info=\u00a0\u00bb{}\u00a0\u00bb]<\/p>\n<h5>Lingerie<\/h5>\n<p>[\/et_pb_text][et_pb_text _builder_version=\u00a0\u00bb4.22.1&Prime; _module_preset=\u00a0\u00bbdefault\u00a0\u00bb header_font=\u00a0\u00bbPlayfair Display|||on|||||\u00a0\u00bb header_text_color=\u00a0\u00bb#FFFFFF\u00a0\u00bb header_font_size=\u00a0\u00bb59px\u00a0\u00bb header_2_font=\u00a0\u00bbPlayfair Display|||on|||||\u00a0\u00bb header_2_text_align=\u00a0\u00bbcenter\u00a0\u00bb header_2_text_color=\u00a0\u00bb#FFFFFF\u00a0\u00bb header_2_font_size=\u00a0\u00bb59px\u00a0\u00bb header_2_letter_spacing=\u00a0\u00bb2px\u00a0\u00bb max_width=\u00a0\u00bb500px\u00a0\u00bb module_alignment=\u00a0\u00bbleft\u00a0\u00bb custom_margin=\u00a0\u00bb0px||-80px||false|false\u00a0\u00bb custom_margin_tablet=\u00a0\u00bb0px||0px||false|false\u00a0\u00bb custom_margin_phone=\u00a0\u00bb0px||0px||false|false\u00a0\u00bb custom_margin_last_edited=\u00a0\u00bbon|phone\u00a0\u00bb custom_padding=\u00a0\u00bb0px||0px||false|false\u00a0\u00bb animation_style=\u00a0\u00bbslide\u00a0\u00bb animation_duration=\u00a0\u00bb1500ms\u00a0\u00bb animation_intensity_slide=\u00a0\u00bb7%\u00a0\u00bb hover_enabled=\u00a0\u00bb0&Prime; header_text_align_tablet=\u00a0\u00bb\u00a0\u00bb header_text_align_phone=\u00a0\u00bbcenter\u00a0\u00bb header_text_align_last_edited=\u00a0\u00bbon|desktop\u00a0\u00bb header_2_font_size_tablet=\u00a0\u00bb59px\u00a0\u00bb header_2_font_size_phone=\u00a0\u00bb30px\u00a0\u00bb header_2_font_size_last_edited=\u00a0\u00bbon|phone\u00a0\u00bb global_colors_info=\u00a0\u00bb{}\u00a0\u00bb sticky_enabled=\u00a0\u00bb0&Prime;]<\/p>\n<h1>NOTRE PRODUCTION DE SOUS-V\u00caTEMENTS<\/h1>\n<p>[\/et_pb_text][et_pb_image src=\u00a0\u00bbhttps:\/\/www.davosweb.it\/wp-content\/uploads\/2023\/07\/lingerie-1.jpg\u00a0\u00bb title_text=\u00a0\u00bblingerie-1&Prime; _builder_version=\u00a0\u00bb4.21.0&Prime; _module_preset=\u00a0\u00bbdefault\u00a0\u00bb z_index=\u00a0\u00bb-10&Prime; animation_style=\u00a0\u00bbfade\u00a0\u00bb global_colors_info=\u00a0\u00bb{}\u00a0\u00bb][\/et_pb_image][et_pb_text _builder_version=\u00a0\u00bb4.21.0&Prime; _module_preset=\u00a0\u00bbdefault\u00a0\u00bb text_font=\u00a0\u00bbRoboto Flex||||||||\u00a0\u00bb text_text_color=\u00a0\u00bb#ababab\u00a0\u00bb text_font_size=\u00a0\u00bb15px\u00a0\u00bb text_line_height=\u00a0\u00bb1.6em\u00a0\u00bb background_color=\u00a0\u00bb#171718&Prime; text_orientation=\u00a0\u00bbcenter\u00a0\u00bb max_width=\u00a0\u00bb500px\u00a0\u00bb module_alignment=\u00a0\u00bbright\u00a0\u00bb custom_margin=\u00a0\u00bb-150px||21px||false|false\u00a0\u00bb custom_margin_tablet=\u00a0\u00bb-50px||||false|false\u00a0\u00bb custom_margin_phone=\u00a0\u00bb0px||21px||false|false\u00a0\u00bb custom_margin_last_edited=\u00a0\u00bbon|phone\u00a0\u00bb custom_padding=\u00a0\u00bb20px|||30px|false|false\u00a0\u00bb custom_padding_tablet=\u00a0\u00bb20px|||30px|false|false\u00a0\u00bb custom_padding_phone=\u00a0\u00bb20px|||0px|false|false\u00a0\u00bb custom_padding_last_edited=\u00a0\u00bbon|phone\u00a0\u00bb animation_style=\u00a0\u00bbzoom\u00a0\u00bb animation_intensity_zoom=\u00a0\u00bb10%\u00a0\u00bb global_colors_info=\u00a0\u00bb{}\u00a0\u00bb]<\/p>\n<p style=\"text-align: justify;\">Dans notre production, nous nous occupons de la cr\u00e9ation de <strong>collections de lingerie et de sous-v\u00eatements<\/strong> de haute couture\u00a0: l&rsquo;association de tissus et de dentelles permet de cr\u00e9er des <strong>sous-v\u00eatements f\u00e9minins raffin\u00e9s et recherch\u00e9s<\/strong>. Gr\u00e2ce \u00e0 notre cha\u00eene d&rsquo;approvisionnement sectoris\u00e9e, nous sommes en mesure de participer \u00e0 la cr\u00e9ation de lingerie adapt\u00e9e \u00e0 chaque occasion, des <strong>sous-v\u00eatements plus classiques et sensuels aux articles plus frais et \u00e0 la mode.<\/strong> Pour en savoir plus sur la cr\u00e9ation de collections de lingerie, <strong>n&rsquo;h\u00e9sitez pas \u00e0 contacter notre \u00e9quipe.<\/strong><\/p>\n<p>[\/et_pb_text][\/et_pb_column][\/et_pb_row][\/et_pb_section][et_pb_section fb_built=\u00a0\u00bb1&Prime; custom_padding_last_edited=\u00a0\u00bbon|tablet\u00a0\u00bb _builder_version=\u00a0\u00bb4.21.0&Prime; _module_preset=\u00a0\u00bbdefault\u00a0\u00bb background_color=\u00a0\u00bb#0c0805&Prime; custom_margin=\u00a0\u00bb-36px||0px||false|false\u00a0\u00bb custom_padding=\u00a0\u00bb0px||20px||false|false\u00a0\u00bb custom_padding_tablet=\u00a0\u00bb50px||10px||false|false\u00a0\u00bb custom_padding_phone=\u00a0\u00bb50px||10px||false|false\u00a0\u00bb global_colors_info=\u00a0\u00bb{}\u00a0\u00bb][et_pb_row use_custom_gutter=\u00a0\u00bbon\u00a0\u00bb gutter_width=\u00a0\u00bb1&Prime; _builder_version=\u00a0\u00bb4.21.0&Prime; _module_preset=\u00a0\u00bbdefault\u00a0\u00bb width=\u00a0\u00bb100%\u00a0\u00bb max_width=\u00a0\u00bb100%\u00a0\u00bb custom_margin=\u00a0\u00bb0px||0px||false|false\u00a0\u00bb custom_margin_tablet=\u00a0\u00bb0px||45px||false|false\u00a0\u00bb custom_margin_phone=\u00a0\u00bb60px|auto|0px|auto|false|false\u00a0\u00bb custom_margin_last_edited=\u00a0\u00bbon|phone\u00a0\u00bb custom_padding=\u00a0\u00bb0px||0px||false|false\u00a0\u00bb animation_style=\u00a0\u00bbfade\u00a0\u00bb animation_delay=\u00a0\u00bb500ms\u00a0\u00bb animation_speed_curve=\u00a0\u00bbease\u00a0\u00bb global_colors_info=\u00a0\u00bb{}\u00a0\u00bb][et_pb_column type=\u00a0\u00bb4_4&Prime; _builder_version=\u00a0\u00bb4.21.0&Prime; _module_preset=\u00a0\u00bbdefault\u00a0\u00bb global_colors_info=\u00a0\u00bb{}\u00a0\u00bb][dsm_image_carousel gallery_ids=\u00a0\u00bb19106,19107,19108,19104&Prime; slide_to_show=\u00a0\u00bb3&Prime; speed=\u00a0\u00bb1500&Prime; show_lightbox=\u00a0\u00bbon\u00a0\u00bb arrow_color=\u00a0\u00bb#FFFFFF\u00a0\u00bb dots_active_color=\u00a0\u00bb#FFFFFF\u00a0\u00bb _builder_version=\u00a0\u00bb4.21.0&Prime; _module_preset=\u00a0\u00bbdefault\u00a0\u00bb global_colors_info=\u00a0\u00bb{}\u00a0\u00bb][\/dsm_image_carousel][\/et_pb_column][\/et_pb_row][\/et_pb_section][et_pb_section fb_built=\u00a0\u00bb1&Prime; _builder_version=\u00a0\u00bb4.21.0&Prime; _module_preset=\u00a0\u00bbdefault\u00a0\u00bb background_color=\u00a0\u00bb#0a0a0a\u00a0\u00bb global_module=\u00a0\u00bb112&Prime; saved_tabs=\u00a0\u00bball\u00a0\u00bb global_colors_info=\u00a0\u00bb{}\u00a0\u00bb][et_pb_row custom_padding_last_edited=\u00a0\u00bbon|tablet\u00a0\u00bb admin_label=\u00a0\u00bbc\u00a0\u00bb _builder_version=\u00a0\u00bb4.21.0&Prime; _module_preset=\u00a0\u00bbdefault\u00a0\u00bb background_image=\u00a0\u00bbhttps:\/\/www.davosweb.it\/wp-content\/uploads\/2023\/06\/MODELLA-PIZZO.jpg\u00a0\u00bb parallax=\u00a0\u00bbon\u00a0\u00bb z_index=\u00a0\u00bb108&Prime; width=\u00a0\u00bb92%\u00a0\u00bb max_width=\u00a0\u00bb92%\u00a0\u00bb custom_margin=\u00a0\u00bb0px||0px||false|false\u00a0\u00bb custom_margin_tablet=\u00a0\u00bb0px||0px||false|false\u00a0\u00bb custom_margin_phone=\u00a0\u00bb0px||0px||false|false\u00a0\u00bb custom_margin_last_edited=\u00a0\u00bbon|tablet\u00a0\u00bb custom_padding=\u00a0\u00bb270px||280px||false|false\u00a0\u00bb custom_padding_tablet=\u00a0\u00bb180px||190px||false|false\u00a0\u00bb custom_padding_phone=\u00a0\u00bb90px||90px||false|false\u00a0\u00bb animation_style=\u00a0\u00bbfade\u00a0\u00bb animation_delay=\u00a0\u00bb500ms\u00a0\u00bb animation_speed_curve=\u00a0\u00bbease\u00a0\u00bb global_colors_info=\u00a0\u00bb{}\u00a0\u00bb][et_pb_column type=\u00a0\u00bb4_4&Prime; _builder_version=\u00a0\u00bb4.21.0&Prime; _module_preset=\u00a0\u00bbdefault\u00a0\u00bb global_colors_info=\u00a0\u00bb{}\u00a0\u00bb][et_pb_button button_url=\u00a0\u00bb@ET-DC@eyJkeW5hbWljIjp0cnVlLCJjb250ZW50IjoicG9zdF9saW5rX3VybF9wYWdlIiwic2V0dGluZ3MiOnsicG9zdF9pZCI6IjEyMCJ9fQ==@\u00a0\u00bb button_text=\u00a0\u00bbCONTACTEZ-NOUS\u00a0\u00bb button_alignment=\u00a0\u00bbcenter\u00a0\u00bb _builder_version=\u00a0\u00bb4.21.0&Prime; _dynamic_attributes=\u00a0\u00bbbutton_url\u00a0\u00bb _module_preset=\u00a0\u00bbdefault\u00a0\u00bb custom_button=\u00a0\u00bbon\u00a0\u00bb button_text_size=\u00a0\u00bb13px\u00a0\u00bb button_text_color=\u00a0\u00bb#FFFFFF\u00a0\u00bb button_bg_color=\u00a0\u00bbRGBA(255,255,255,0)\u00a0\u00bb button_border_width=\u00a0\u00bb1px\u00a0\u00bb button_border_color=\u00a0\u00bbrgba(255,255,255,0.4)\u00a0\u00bb button_border_radius=\u00a0\u00bb0px\u00a0\u00bb button_letter_spacing=\u00a0\u00bb2px\u00a0\u00bb button_font=\u00a0\u00bbRoboto Flex||||||||\u00a0\u00bb button_icon=\u00a0\u00bb&#x26;||divi||400&Prime; button_on_hover=\u00a0\u00bboff\u00a0\u00bb custom_margin=\u00a0\u00bb0px||0px||false|false\u00a0\u00bb custom_margin_tablet=\u00a0\u00bb0px||0px||false|false\u00a0\u00bb custom_margin_phone=\u00a0\u00bb||0px||false|false\u00a0\u00bb custom_margin_last_edited=\u00a0\u00bboff|desktop\u00a0\u00bb custom_padding=\u00a0\u00bb15px|55px|14px|38px|false|false\u00a0\u00bb global_colors_info=\u00a0\u00bb{}\u00a0\u00bb button_border_color__hover_enabled=\u00a0\u00bbon|desktop\u00a0\u00bb button_border_color__hover=\u00a0\u00bbrgba(255,255,255,0.7)\u00a0\u00bb][\/et_pb_button][\/et_pb_column][\/et_pb_row][\/et_pb_section]<\/p>\n","protected":false},"excerpt":{"rendered":"<p>LingerieNOTRE PRODUCTION DE SOUS-V\u00caTEMENTSDans notre production, nous nous occupons de la cr\u00e9ation de collections de lingerie et de sous-v\u00eatements de haute couture\u00a0: l&rsquo;association de tissus et de dentelles permet de cr\u00e9er des sous-v\u00eatements f\u00e9minins raffin\u00e9s et recherch\u00e9s. Gr\u00e2ce \u00e0 notre cha\u00eene d&rsquo;approvisionnement sectoris\u00e9e, nous sommes en mesure de participer \u00e0 la cr\u00e9ation de lingerie adapt\u00e9e \u00e0 chaque occasion, des sous-v\u00eatements plus classiques et sensuels aux articles plus frais et \u00e0 la mode. Pour en savoir plus sur la cr\u00e9ation de collections de lingerie, n&rsquo;h\u00e9sitez pas \u00e0 contacter notre \u00e9quipe.<div class=\"et_pb_module dsm_image_carousel dsm_image_carousel_0 dsm_image_carousel_arrow_outside dsm_image_carousel_arrow_mobile_inside \">\n\t\t\t\t\n\t\t\t\t\n\t\t\t\t\n\t\t\t\t\n\t\t\t\t\n\t\t\t\t\n\t\t\t\t<div class=\"et_pb_module_inner\">\n\t\t\t\t\t<div class=\"swiper-container dsm_image_carousel_container  dsm_image_carousel_carousel\" dir=\"ltr\"data-effect=\"default\"\n\t\t\tdata-slider-effect-shadows=\"false\"\n\t\t\tdata-slider-effect-coverflow-rotate=\"30\"\n\t\t\tdata-slider-effect-coverflow-depth=\"0\"\n\t\t\tdata-loop=\"true\"\n\t\t\tdata-slide-to-show=\"3\"\n\t\t\tdata-slide-to-show-tablet=\"1\"\n\t\t\tdata-slide-to-show-phone=\"1\"\n\t\t\tdata-slide-to-scroll=\"1\"\n\t\t\tdata-slide-to-scroll-tablet=\"1\"\n\t\t\tdata-slide-to-scroll-phone=\"1\"\n\t\t\tdata-space-between=\"15\"\n\t\t\tdata-space-between-tablet=\"15\"\n\t\t\tdata-space-between-phone=\"15\"\n\t\t\tdata-slide-row=\"1\"\n\t\t\tdata-centered-slides=\"false\"\n\t\t\tdata-speed=\"1500\"\n\t\t\tdata-autoplay=\"true\"\n\t\t\tdata-autoplay-speed=\"3000\"\n\t\t\tdata-touch-move=\"true\"\n\t\t\tdata-grab=\"true\"\n\t\t\tdata-pause-on-hover=\"false\"\n\t\t\tdata-show-lightbox=\"true\"\n\t\t\tdata-lightbox-gallery=\"false\"\n\t\t\tdata-lightbox-caption=\"false\"\n\t\t\tdata-infinite-scrolling=\"false\"\n\t\t\tdata-slide-row-tablet=\"1\"\n\t\t\tdata-slide-row-phone=\"1\"\n\t\t\tdata-autoplay-viewport=80%\n\t\t\tdata-mousewheel=\"false\"\n\t\t\tdata-lazyload=\"false\"\n\t\t\tdata-type=\"carousel\"\n\t\t\tdata-slideshow-effect=\"default\"\n\t\t\tdata-slideshow-to-show=\"4\"\n\t\t\tdata-slideshow-to-show-tablet=\"4\"\n\t\t\tdata-slideshow-to-show-phone=\"\"\n\t\t\tdata-slider-orientation=\"horizontal\"\n\t\t\t\t\t\tdata-lightbox-title=\"false\"\n\n\t\t\t><div class=\"swiper-wrapper\"><div class=\"swiper-slide dsm_image_carousel_item\"><a class=\"dsm_image_carousel_lightbox\" href=\"https:\/\/www.davosweb.it\/wp-content\/uploads\/2023\/07\/lingerie-2.jpg\" data-mfp-src=\"https:\/\/www.davosweb.it\/wp-content\/uploads\/2023\/07\/lingerie-2.jpg\"><img decoding=\"async\" src=\"https:\/\/www.davosweb.it\/wp-content\/uploads\/2023\/07\/lingerie-2.jpg\" alt=\"\" title=\"lingerie-2\" width=\"600\" height=\"400\" data-dsm-image-description=\"\" srcset=\"https:\/\/www.davosweb.it\/wp-content\/uploads\/2023\/07\/lingerie-2.jpg 600w, https:\/\/www.davosweb.it\/wp-content\/uploads\/2023\/07\/lingerie-2-480x320.jpg 480w\" sizes=\"(min-width: 0px) and (max-width: 480px) 480px, (min-width: 481px) 600px, 100vw\" class=\" skip-lazy\" \/><\/a><\/div><div class=\"swiper-slide dsm_image_carousel_item\"><a class=\"dsm_image_carousel_lightbox\" href=\"https:\/\/www.davosweb.it\/wp-content\/uploads\/2023\/07\/lingerie-3.jpg\" data-mfp-src=\"https:\/\/www.davosweb.it\/wp-content\/uploads\/2023\/07\/lingerie-3.jpg\"><img decoding=\"async\" src=\"https:\/\/www.davosweb.it\/wp-content\/uploads\/2023\/07\/lingerie-3.jpg\" alt=\"\" title=\"lingerie-3\" width=\"600\" height=\"400\" data-dsm-image-description=\"\" srcset=\"https:\/\/www.davosweb.it\/wp-content\/uploads\/2023\/07\/lingerie-3.jpg 600w, https:\/\/www.davosweb.it\/wp-content\/uploads\/2023\/07\/lingerie-3-480x320.jpg 480w\" sizes=\"(min-width: 0px) and (max-width: 480px) 480px, (min-width: 481px) 600px, 100vw\" class=\" skip-lazy\" \/><\/a><\/div><div class=\"swiper-slide dsm_image_carousel_item\"><a class=\"dsm_image_carousel_lightbox\" href=\"https:\/\/www.davosweb.it\/wp-content\/uploads\/2023\/07\/lingerie-4.jpg\" data-mfp-src=\"https:\/\/www.davosweb.it\/wp-content\/uploads\/2023\/07\/lingerie-4.jpg\"><img decoding=\"async\" src=\"https:\/\/www.davosweb.it\/wp-content\/uploads\/2023\/07\/lingerie-4.jpg\" alt=\"\" title=\"lingerie-4\" width=\"600\" height=\"400\" data-dsm-image-description=\"\" srcset=\"https:\/\/www.davosweb.it\/wp-content\/uploads\/2023\/07\/lingerie-4.jpg 600w, https:\/\/www.davosweb.it\/wp-content\/uploads\/2023\/07\/lingerie-4-480x320.jpg 480w\" sizes=\"(min-width: 0px) and (max-width: 480px) 480px, (min-width: 481px) 600px, 100vw\" class=\" skip-lazy\" \/><\/a><\/div><div class=\"swiper-slide dsm_image_carousel_item\"><a class=\"dsm_image_carousel_lightbox\" href=\"https:\/\/www.davosweb.it\/wp-content\/uploads\/2023\/07\/lingerie-5.jpg\" data-mfp-src=\"https:\/\/www.davosweb.it\/wp-content\/uploads\/2023\/07\/lingerie-5.jpg\"><img decoding=\"async\" src=\"https:\/\/www.davosweb.it\/wp-content\/uploads\/2023\/07\/lingerie-5.jpg\" alt=\"\" title=\"lingerie-5\" width=\"600\" height=\"400\" data-dsm-image-description=\"\" srcset=\"https:\/\/www.davosweb.it\/wp-content\/uploads\/2023\/07\/lingerie-5.jpg 600w, https:\/\/www.davosweb.it\/wp-content\/uploads\/2023\/07\/lingerie-5-480x320.jpg 480w\" sizes=\"(min-width: 0px) and (max-width: 480px) 480px, (min-width: 481px) 600px, 100vw\" class=\" skip-lazy\" \/><\/a><\/div><\/div><\/div><div class=\"swiper-button-prev swiper-arrow-button\" data-icon=\"4\"><\/div><div class=\"swiper-button-next swiper-arrow-button\" data-icon=\"5\"><\/div><div class=\"swiper-pagination\"><\/div>\n\t\t\t\t<\/div>\n\t\t\t<\/div><\/p>\n","protected":false},"author":1,"featured_media":0,"parent":19577,"menu_order":0,"comment_status":"closed","ping_status":"closed","template":"","meta":{"_et_pb_use_builder":"on","_et_pb_old_content":"<!-- wp:divi\/placeholder \/-->","_et_gb_content_width":"","footnotes":""},"class_list":["post-19569","page","type-page","status-publish","hentry"],"yoast_head":"<!-- This site is optimized with the Yoast SEO plugin v25.0 - https:\/\/yoast.com\/wordpress\/plugins\/seo\/ -->\n<title>LINGERIE - Davos<\/title>\n<meta name=\"robots\" content=\"index, follow, max-snippet:-1, max-image-preview:large, max-video-preview:-1\" \/>\n<link rel=\"canonical\" href=\"https:\/\/www.davosweb.it\/prodotti\/lingerie\/\" \/>\n<meta property=\"og:locale\" content=\"fr_FR\" \/>\n<meta property=\"og:type\" content=\"article\" \/>\n<meta property=\"og:title\" content=\"LINGERIE - Davos\" \/>\n<meta property=\"og:description\" content=\"LingerieNOTRE PRODUCTION DE SOUS-V\u00caTEMENTSDans notre production, nous nous occupons de la cr\u00e9ation de collections de lingerie et de sous-v\u00eatements de haute couture\u00a0: l&#039;association de tissus et de dentelles permet de cr\u00e9er des sous-v\u00eatements f\u00e9minins raffin\u00e9s et recherch\u00e9s. Gr\u00e2ce \u00e0 notre cha\u00eene d&#039;approvisionnement sectoris\u00e9e, nous sommes en mesure de participer \u00e0 la cr\u00e9ation de lingerie adapt\u00e9e \u00e0 chaque occasion, des sous-v\u00eatements plus classiques et sensuels aux articles plus frais et \u00e0 la mode. Pour en savoir plus sur la cr\u00e9ation de collections de lingerie, n&#039;h\u00e9sitez pas \u00e0 contacter notre \u00e9quipe.\" \/>\n<meta property=\"og:url\" content=\"https:\/\/www.davosweb.it\/prodotti\/lingerie\/\" \/>\n<meta property=\"og:site_name\" content=\"Davos\" \/>\n<meta property=\"article:modified_time\" content=\"2023-08-31T09:14:20+00:00\" \/>\n<meta name=\"twitter:card\" content=\"summary_large_image\" \/>\n<meta name=\"twitter:label1\" content=\"Dur\u00e9e de lecture estim\u00e9e\" \/>\n\t<meta name=\"twitter:data1\" content=\"5 minutes\" \/>\n<script type=\"application\/ld+json\" class=\"yoast-schema-graph\">{\"@context\":\"https:\/\/schema.org\",\"@graph\":[{\"@type\":\"WebPage\",\"@id\":\"https:\/\/www.davosweb.it\/prodotti\/lingerie\/\",\"url\":\"https:\/\/www.davosweb.it\/prodotti\/lingerie\/\",\"name\":\"LINGERIE - Davos\",\"isPartOf\":{\"@id\":\"https:\/\/www.davosweb.it\/#website\"},\"datePublished\":\"2023-06-22T06:11:48+00:00\",\"dateModified\":\"2023-08-31T09:14:20+00:00\",\"breadcrumb\":{\"@id\":\"https:\/\/www.davosweb.it\/prodotti\/lingerie\/#breadcrumb\"},\"inLanguage\":\"fr-FR\",\"potentialAction\":[{\"@type\":\"ReadAction\",\"target\":[\"https:\/\/www.davosweb.it\/prodotti\/lingerie\/\"]}]},{\"@type\":\"BreadcrumbList\",\"@id\":\"https:\/\/www.davosweb.it\/prodotti\/lingerie\/#breadcrumb\",\"itemListElement\":[{\"@type\":\"ListItem\",\"position\":1,\"name\":\"Home\",\"item\":\"https:\/\/www.davosweb.it\/\"},{\"@type\":\"ListItem\",\"position\":2,\"name\":\"PRODUITS\",\"item\":\"https:\/\/www.davosweb.it\/prodotti\/\"},{\"@type\":\"ListItem\",\"position\":3,\"name\":\"LINGERIE\"}]},{\"@type\":\"WebSite\",\"@id\":\"https:\/\/www.davosweb.it\/#website\",\"url\":\"https:\/\/www.davosweb.it\/\",\"name\":\"Davos\",\"description\":\"\",\"potentialAction\":[{\"@type\":\"SearchAction\",\"target\":{\"@type\":\"EntryPoint\",\"urlTemplate\":\"https:\/\/www.davosweb.it\/?s={search_term_string}\"},\"query-input\":{\"@type\":\"PropertyValueSpecification\",\"valueRequired\":true,\"valueName\":\"search_term_string\"}}],\"inLanguage\":\"fr-FR\"}]}<\/script>\n<!-- \/ Yoast SEO plugin. -->","yoast_head_json":{"title":"LINGERIE - Davos","robots":{"index":"index","follow":"follow","max-snippet":"max-snippet:-1","max-image-preview":"max-image-preview:large","max-video-preview":"max-video-preview:-1"},"canonical":"https:\/\/www.davosweb.it\/prodotti\/lingerie\/","og_locale":"fr_FR","og_type":"article","og_title":"LINGERIE - Davos","og_description":"LingerieNOTRE PRODUCTION DE SOUS-V\u00caTEMENTSDans notre production, nous nous occupons de la cr\u00e9ation de collections de lingerie et de sous-v\u00eatements de haute couture\u00a0: l'association de tissus et de dentelles permet de cr\u00e9er des sous-v\u00eatements f\u00e9minins raffin\u00e9s et recherch\u00e9s. Gr\u00e2ce \u00e0 notre cha\u00eene d'approvisionnement sectoris\u00e9e, nous sommes en mesure de participer \u00e0 la cr\u00e9ation de lingerie adapt\u00e9e \u00e0 chaque occasion, des sous-v\u00eatements plus classiques et sensuels aux articles plus frais et \u00e0 la mode. Pour en savoir plus sur la cr\u00e9ation de collections de lingerie, n'h\u00e9sitez pas \u00e0 contacter notre \u00e9quipe.","og_url":"https:\/\/www.davosweb.it\/prodotti\/lingerie\/","og_site_name":"Davos","article_modified_time":"2023-08-31T09:14:20+00:00","twitter_card":"summary_large_image","twitter_misc":{"Dur\u00e9e de lecture estim\u00e9e":"5 minutes"},"schema":{"@context":"https:\/\/schema.org","@graph":[{"@type":"WebPage","@id":"https:\/\/www.davosweb.it\/prodotti\/lingerie\/","url":"https:\/\/www.davosweb.it\/prodotti\/lingerie\/","name":"LINGERIE - Davos","isPartOf":{"@id":"https:\/\/www.davosweb.it\/#website"},"datePublished":"2023-06-22T06:11:48+00:00","dateModified":"2023-08-31T09:14:20+00:00","breadcrumb":{"@id":"https:\/\/www.davosweb.it\/prodotti\/lingerie\/#breadcrumb"},"inLanguage":"fr-FR","potentialAction":[{"@type":"ReadAction","target":["https:\/\/www.davosweb.it\/prodotti\/lingerie\/"]}]},{"@type":"BreadcrumbList","@id":"https:\/\/www.davosweb.it\/prodotti\/lingerie\/#breadcrumb","itemListElement":[{"@type":"ListItem","position":1,"name":"Home","item":"https:\/\/www.davosweb.it\/"},{"@type":"ListItem","position":2,"name":"PRODUITS","item":"https:\/\/www.davosweb.it\/prodotti\/"},{"@type":"ListItem","position":3,"name":"LINGERIE"}]},{"@type":"WebSite","@id":"https:\/\/www.davosweb.it\/#website","url":"https:\/\/www.davosweb.it\/","name":"Davos","description":"","potentialAction":[{"@type":"SearchAction","target":{"@type":"EntryPoint","urlTemplate":"https:\/\/www.davosweb.it\/?s={search_term_string}"},"query-input":{"@type":"PropertyValueSpecification","valueRequired":true,"valueName":"search_term_string"}}],"inLanguage":"fr-FR"}]}},"_links":{"self":[{"href":"https:\/\/www.davosweb.it\/fr\/wp-json\/wp\/v2\/pages\/19569","targetHints":{"allow":["GET"]}}],"collection":[{"href":"https:\/\/www.davosweb.it\/fr\/wp-json\/wp\/v2\/pages"}],"about":[{"href":"https:\/\/www.davosweb.it\/fr\/wp-json\/wp\/v2\/types\/page"}],"author":[{"embeddable":true,"href":"https:\/\/www.davosweb.it\/fr\/wp-json\/wp\/v2\/users\/1"}],"replies":[{"embeddable":true,"href":"https:\/\/www.davosweb.it\/fr\/wp-json\/wp\/v2\/comments?post=19569"}],"version-history":[{"count":4,"href":"https:\/\/www.davosweb.it\/fr\/wp-json\/wp\/v2\/pages\/19569\/revisions"}],"predecessor-version":[{"id":19768,"href":"https:\/\/www.davosweb.it\/fr\/wp-json\/wp\/v2\/pages\/19569\/revisions\/19768"}],"up":[{"embeddable":true,"href":"https:\/\/www.davosweb.it\/fr\/wp-json\/wp\/v2\/pages\/19577"}],"wp:attachment":[{"href":"https:\/\/www.davosweb.it\/fr\/wp-json\/wp\/v2\/media?parent=19569"}],"curies":[{"name":"wp","href":"https:\/\/api.w.org\/{rel}","templated":true}]}}